{"id":187,"date":"2026-02-04T19:23:47","date_gmt":"2026-02-04T19:23:47","guid":{"rendered":"https:\/\/www.urfacilingirustasi.com.tr\/?page_id=187"},"modified":"2026-02-04T19:28:41","modified_gmt":"2026-02-04T19:28:41","slug":"anahtar-ekleme","status":"publish","type":"page","link":"https:\/\/www.urfacilingirustasi.com.tr\/?page_id=187","title":{"rendered":"Anahtar Ekleme"},"content":{"rendered":"\n<p>\u015eanl\u0131urfa genelinde anahtar ekleme ve oto anahtarc\u0131l\u0131\u011f\u0131 hizmetleri sunmaktay\u0131z. Ara\u00e7 sahipleri i\u00e7in oto anahtar ekleme, immobilizer anahtar ekleme, chipli anahtar ekleme ve kumandal\u0131 anahtar ekleme i\u015flemleri profesyonel cihazlarla yap\u0131lmaktad\u0131r. Mevcut anahtar say\u0131s\u0131n\u0131 art\u0131rmak isteyenler i\u00e7in g\u00fcvenli ve h\u0131zl\u0131 anahtar ekleme hizmeti sa\u011fl\u0131yoruz.<\/p>\n\n\n\n<p>Her marka ve model ara\u00e7ta oto anahtar kodlama, immobilizer sistemine anahtar tan\u0131tma ve ara\u00e7 anahtar\u0131 e\u015fle\u015ftirme i\u015flemleri uzman ekipmanlarla ger\u00e7ekle\u015ftirilir. Anahtar ekleme i\u015flemi s\u0131ras\u0131nda arac\u0131n beyni korunur ve sistemde herhangi bir sorun olu\u015fmadan i\u015flem tamamlan\u0131r. Yeni eklenen anahtarlar arac\u0131n\u0131zla tam uyumlu \u015fekilde \u00e7al\u0131\u015f\u0131r.<\/p>\n\n\n\n<p>\u015eanl\u0131urfa merkez ve il\u00e7elerinde 7\/24 anahtar ekleme hizmeti sunarak acil durumlarda h\u0131zl\u0131 \u00e7\u00f6z\u00fcmler \u00fcretiyoruz. Oto anahtarc\u0131 deste\u011fi ile ara\u00e7 anahtar\u0131 k\u0131r\u0131lmas\u0131, kaybolmas\u0131 veya yedek anahtar ihtiyac\u0131 durumlar\u0131nda profesyonel m\u00fcdahale sa\u011fl\u0131yoruz. \u0130mmobilizer anahtar, kumandal\u0131 oto anahtar\u0131 ve yedek anahtar yap\u0131m\u0131 i\u015flemleri g\u00fcvenle yap\u0131l\u0131r.<\/p>\n\n\n\n<p>Anahtar ekleme hizmeti ile birlikte kontak tamirat\u0131, anahtar silme, yedek anahtar, kay\u0131p anahtar, kumanda tamirat\u0131 ve hasars\u0131z oto kap\u0131 a\u00e7ma hizmetleri de sunmaktay\u0131z. T\u00fcm i\u015flemlerimiz garantili olup m\u00fc\u015fteri memnuniyeti \u00f6n planda tutulmaktad\u0131r.<\/p>\n\n\n\n<p>\u015eanl\u0131urfa\u2019da oto anahtar ekleme, immobilizer anahtar, oto anahtarc\u0131 ve acil \u00e7ilingir hizmeti ar\u0131yorsan\u0131z g\u00fcvenilir ve profesyonel \u00e7\u00f6z\u00fcmler i\u00e7in bizimle ileti\u015fime ge\u00e7ebilirsiniz.<\/p>\n","protected":false},"excerpt":{"rendered":"<p>\u015eanl\u0131urfa genelinde anahtar ekleme ve oto anahtarc\u0131l\u0131\u011f\u0131 hizmetleri sunmaktay\u0131z. Ara\u00e7 sahipleri i\u00e7in oto anahtar ekleme, immobilizer anahtar ekleme, chipli anahtar ekleme ve kumandal\u0131 anahtar ekleme i\u015flemleri profesyonel cihazlarla yap\u0131lmaktad\u0131r. Mevcut anahtar say\u0131s\u0131n\u0131 art\u0131rmak isteyenler i\u00e7in g\u00fcvenli ve h\u0131zl\u0131 anahtar ekleme hizmeti sa\u011fl\u0131yoruz. Her marka ve model ara\u00e7ta oto anahtar kodlama, immobilizer sistemine anahtar tan\u0131tma ve [&hellip;]<\/p>\n","protected":false},"author":1,"featured_media":0,"parent":0,"menu_order":0,"comment_status":"closed","ping_status":"closed","template":"","meta":{"om_disable_all_campaigns":false,"_monsterinsights_skip_tracking":false,"_monsterinsights_sitenote_active":false,"_monsterinsights_sitenote_note":"","_monsterinsights_sitenote_category":0,"_uf_show_specific_survey":0,"_uf_disable_surveys":false,"footnotes":""},"class_list":["post-187","page","type-page","status-publish","hentry"],"aioseo_notices":[],"_links":{"self":[{"href":"https:\/\/www.urfacilingirustasi.com.tr\/index.php?rest_route=\/wp\/v2\/pages\/187","targetHints":{"allow":["GET"]}}],"collection":[{"href":"https:\/\/www.urfacilingirustasi.com.tr\/index.php?rest_route=\/wp\/v2\/pages"}],"about":[{"href":"https:\/\/www.urfacilingirustasi.com.tr\/index.php?rest_route=\/wp\/v2\/types\/page"}],"author":[{"embeddable":true,"href":"https:\/\/www.urfacilingirustasi.com.tr\/index.php?rest_route=\/wp\/v2\/users\/1"}],"replies":[{"embeddable":true,"href":"https:\/\/www.urfacilingirustasi.com.tr\/index.php?rest_route=%2Fwp%2Fv2%2Fcomments&post=187"}],"version-history":[{"count":2,"href":"https:\/\/www.urfacilingirustasi.com.tr\/index.php?rest_route=\/wp\/v2\/pages\/187\/revisions"}],"predecessor-version":[{"id":209,"href":"https:\/\/www.urfacilingirustasi.com.tr\/index.php?rest_route=\/wp\/v2\/pages\/187\/revisions\/209"}],"wp:attachment":[{"href":"https:\/\/www.urfacilingirustasi.com.tr\/index.php?rest_route=%2Fwp%2Fv2%2Fmedia&parent=187"}],"curies":[{"name":"wp","href":"https:\/\/api.w.org\/{rel}","templated":true}]}}