{"id":188,"date":"2026-02-04T19:23:47","date_gmt":"2026-02-04T19:23:47","guid":{"rendered":"https:\/\/www.urfacilingirustasi.com.tr\/?page_id=188"},"modified":"2026-02-04T19:32:12","modified_gmt":"2026-02-04T19:32:12","slug":"anahtar-silme","status":"publish","type":"page","link":"https:\/\/www.urfacilingirustasi.com.tr\/?page_id=188","title":{"rendered":"Anahtar Silme"},"content":{"rendered":"\n<p>\u015eanl\u0131urfa genelinde anahtar silme ve oto anahtarc\u0131l\u0131\u011f\u0131 hizmetleri sunmaktay\u0131z. Ara\u00e7 anahtar\u0131n\u0131n kaybolmas\u0131 veya \u00e7al\u0131nmas\u0131 durumlar\u0131nda g\u00fcvenlik amac\u0131yla oto anahtar silme i\u015flemi yap\u0131lmas\u0131 gereklidir. \u0130mmobilizer anahtar silme, ara\u00e7tan anahtar iptali ve kay\u0131p anahtar\u0131n sistemden silinmesi i\u015flemleri profesyonel cihazlarla g\u00fcvenli \u015fekilde ger\u00e7ekle\u015ftirilir.<\/p>\n\n\n\n<p>Her marka ve model ara\u00e7 i\u00e7in anahtar silme i\u015flemi, arac\u0131n immobilizer sistemine ba\u011flan\u0131larak yap\u0131l\u0131r. Silinen anahtarlar arac\u0131 \u00e7al\u0131\u015ft\u0131ramaz ve kap\u0131lar\u0131 a\u00e7amaz. Bu sayede ara\u00e7 g\u00fcvenli\u011fi yeniden sa\u011flan\u0131r. Oto anahtar silme, immobilizer iptali, eski anahtar\u0131n devre d\u0131\u015f\u0131 b\u0131rak\u0131lmas\u0131 gibi i\u015flemler uzman oto anahtarc\u0131lar taraf\u0131ndan yap\u0131lmal\u0131d\u0131r.<\/p>\n\n\n\n<p>\u015eanl\u0131urfa merkez ve il\u00e7elerinde 7\/24 anahtar silme hizmeti sunarak acil durumlarda h\u0131zl\u0131 \u00e7\u00f6z\u00fcmler sa\u011fl\u0131yoruz. Anahtar silme i\u015flemi sonras\u0131nda iste\u011fe ba\u011fl\u0131 olarak anahtar ekleme, yedek anahtar yap\u0131m\u0131 ve kumandal\u0131 anahtar hizmetleri de sunulmaktad\u0131r. B\u00f6ylece ara\u00e7 sahibi yeni ve g\u00fcvenli anahtarlarla arac\u0131n\u0131 kullanmaya devam edebilir.<\/p>\n\n\n\n<p>Anahtar silme hizmeti ile birlikte kontak tamirat\u0131, kay\u0131p anahtar, oto kap\u0131 a\u00e7ma, kumanda tamirat\u0131 ve oto \u00e7ilingir hizmetleri de verilmektedir. T\u00fcm i\u015flemler hasars\u0131z, garantili ve profesyonel ekipmanlarla yap\u0131l\u0131r.<\/p>\n\n\n\n<p><strong>\u015eanl\u0131urfa\u2019da oto anahtar silme, immobilizer anahtar iptali, acil oto anahtarc\u0131 ve oto \u00e7ilingir hizmeti ar\u0131yorsan\u0131z g\u00fcvenilir ve h\u0131zl\u0131 \u00e7\u00f6z\u00fcmler i\u00e7in bizimle ileti\u015fime ge\u00e7ebilirsiniz.<\/strong><\/p>\n","protected":false},"excerpt":{"rendered":"<p>\u015eanl\u0131urfa genelinde anahtar silme ve oto anahtarc\u0131l\u0131\u011f\u0131 hizmetleri sunmaktay\u0131z. Ara\u00e7 anahtar\u0131n\u0131n kaybolmas\u0131 veya \u00e7al\u0131nmas\u0131 durumlar\u0131nda g\u00fcvenlik amac\u0131yla oto anahtar silme i\u015flemi yap\u0131lmas\u0131 gereklidir. \u0130mmobilizer anahtar silme, ara\u00e7tan anahtar iptali ve kay\u0131p anahtar\u0131n sistemden silinmesi i\u015flemleri profesyonel cihazlarla g\u00fcvenli \u015fekilde ger\u00e7ekle\u015ftirilir. Her marka ve model ara\u00e7 i\u00e7in anahtar silme i\u015flemi, arac\u0131n immobilizer sistemine ba\u011flan\u0131larak yap\u0131l\u0131r. Silinen [&hellip;]<\/p>\n","protected":false},"author":1,"featured_media":0,"parent":0,"menu_order":0,"comment_status":"closed","ping_status":"closed","template":"","meta":{"om_disable_all_campaigns":false,"_monsterinsights_skip_tracking":false,"_monsterinsights_sitenote_active":false,"_monsterinsights_sitenote_note":"","_monsterinsights_sitenote_category":0,"_uf_show_specific_survey":0,"_uf_disable_surveys":false,"footnotes":""},"class_list":["post-188","page","type-page","status-publish","hentry"],"aioseo_notices":[],"_links":{"self":[{"href":"https:\/\/www.urfacilingirustasi.com.tr\/index.php?rest_route=\/wp\/v2\/pages\/188","targetHints":{"allow":["GET"]}}],"collection":[{"href":"https:\/\/www.urfacilingirustasi.com.tr\/index.php?rest_route=\/wp\/v2\/pages"}],"about":[{"href":"https:\/\/www.urfacilingirustasi.com.tr\/index.php?rest_route=\/wp\/v2\/types\/page"}],"author":[{"embeddable":true,"href":"https:\/\/www.urfacilingirustasi.com.tr\/index.php?rest_route=\/wp\/v2\/users\/1"}],"replies":[{"embeddable":true,"href":"https:\/\/www.urfacilingirustasi.com.tr\/index.php?rest_route=%2Fwp%2Fv2%2Fcomments&post=188"}],"version-history":[{"count":2,"href":"https:\/\/www.urfacilingirustasi.com.tr\/index.php?rest_route=\/wp\/v2\/pages\/188\/revisions"}],"predecessor-version":[{"id":211,"href":"https:\/\/www.urfacilingirustasi.com.tr\/index.php?rest_route=\/wp\/v2\/pages\/188\/revisions\/211"}],"wp:attachment":[{"href":"https:\/\/www.urfacilingirustasi.com.tr\/index.php?rest_route=%2Fwp%2Fv2%2Fmedia&parent=188"}],"curies":[{"name":"wp","href":"https:\/\/api.w.org\/{rel}","templated":true}]}}