{"id":192,"date":"2026-02-04T19:23:47","date_gmt":"2026-02-04T19:23:47","guid":{"rendered":"https:\/\/www.urfacilingirustasi.com.tr\/?page_id=192"},"modified":"2026-02-04T19:38:35","modified_gmt":"2026-02-04T19:38:35","slug":"oto-kapi-acma","status":"publish","type":"page","link":"https:\/\/www.urfacilingirustasi.com.tr\/?page_id=192","title":{"rendered":"Oto Kap\u0131 A\u00e7ma"},"content":{"rendered":"\n<p>\u015eanl\u0131urfa genelinde <strong>oto kap\u0131 a\u00e7ma ve oto \u00e7ilingir hizmetleri<\/strong> sunmaktay\u0131z. Ara\u00e7 anahtar\u0131 i\u00e7eride kald\u0131\u011f\u0131nda, anahtar kayboldu\u011funda veya kilit sistemi ar\u0131zaland\u0131\u011f\u0131nda <strong>hasars\u0131z oto kap\u0131 a\u00e7ma<\/strong> i\u015flemleri profesyonel ekipmanlarla g\u00fcvenli \u015fekilde yap\u0131lmaktad\u0131r. Ara\u00e7 kap\u0131lar\u0131 a\u00e7\u0131l\u0131rken kilit, kap\u0131 veya camlara kesinlikle zarar verilmez.<\/p>\n\n\n\n<p>Her marka ve model ara\u00e7 i\u00e7in <strong>oto kap\u0131 a\u00e7ma<\/strong>, <strong>ara\u00e7 kilidi a\u00e7ma<\/strong>, <strong>anahtar i\u00e7erde kald\u0131\u011f\u0131nda kap\u0131 a\u00e7ma<\/strong> ve <strong>oto kilit a\u00e7ma<\/strong> hizmetleri sunulmaktad\u0131r. <strong>Acil oto kap\u0131 a\u00e7ma<\/strong> i\u015flemleri deneyimli oto \u00e7ilingirler taraf\u0131ndan h\u0131zl\u0131 ve kontroll\u00fc \u015fekilde ger\u00e7ekle\u015ftirilir. Modern ara\u00e7larda bulunan <strong>immobilizer sistemleri<\/strong> ve merkezi kilit yap\u0131lar\u0131 korunarak i\u015flem yap\u0131l\u0131r.<\/p>\n\n\n\n<p>\u015eanl\u0131urfa merkez ve il\u00e7elerinde <strong>7\/24 oto kap\u0131 a\u00e7ma<\/strong> hizmeti vererek acil durumlarda en k\u0131sa s\u00fcrede adresinize ula\u015f\u0131yoruz. Ara\u00e7 kap\u0131s\u0131 a\u00e7\u0131ld\u0131ktan sonra iste\u011fe ba\u011fl\u0131 olarak <strong>kay\u0131p anahtar<\/strong>, <strong>anahtar ekleme<\/strong>, <strong>yedek anahtar yap\u0131m\u0131<\/strong> ve <strong>kumandal\u0131 anahtar<\/strong> hizmetleri de sunulmaktad\u0131r. B\u00f6ylece m\u00fc\u015fterilerimiz tek seferde t\u00fcm ihtiya\u00e7lar\u0131n\u0131 kar\u015f\u0131layabilmektedir.<\/p>\n\n\n\n<p>Oto kap\u0131 a\u00e7ma hizmeti ile birlikte <strong>kontak tamirat\u0131<\/strong>, <strong>anahtar silme<\/strong>, <strong>kumanda tamirat\u0131<\/strong> ve <strong>oto anahtarc\u0131<\/strong> hizmetleri de verilmektedir. T\u00fcm i\u015flemler hasars\u0131z, g\u00fcvenli ve garantili \u015fekilde ger\u00e7ekle\u015ftirilir.<\/p>\n\n\n\n<p>\u015eanl\u0131urfa\u2019da <strong>hasars\u0131z oto kap\u0131 a\u00e7ma<\/strong>, <strong>oto kilit a\u00e7ma<\/strong>, <strong>anahtar i\u00e7erde kald\u0131<\/strong>, <strong>acil oto \u00e7ilingir<\/strong> ve <strong>oto anahtarc\u0131<\/strong> hizmeti ar\u0131yorsan\u0131z g\u00fcvenilir ve h\u0131zl\u0131 \u00e7\u00f6z\u00fcmler i\u00e7in bizimle ileti\u015fime ge\u00e7ebilirsiniz.<\/p>\n","protected":false},"excerpt":{"rendered":"<p>\u015eanl\u0131urfa genelinde oto kap\u0131 a\u00e7ma ve oto \u00e7ilingir hizmetleri sunmaktay\u0131z. Ara\u00e7 anahtar\u0131 i\u00e7eride kald\u0131\u011f\u0131nda, anahtar kayboldu\u011funda veya kilit sistemi ar\u0131zaland\u0131\u011f\u0131nda hasars\u0131z oto kap\u0131 a\u00e7ma i\u015flemleri profesyonel ekipmanlarla g\u00fcvenli \u015fekilde yap\u0131lmaktad\u0131r. Ara\u00e7 kap\u0131lar\u0131 a\u00e7\u0131l\u0131rken kilit, kap\u0131 veya camlara kesinlikle zarar verilmez. Her marka ve model ara\u00e7 i\u00e7in oto kap\u0131 a\u00e7ma, ara\u00e7 kilidi a\u00e7ma, anahtar i\u00e7erde kald\u0131\u011f\u0131nda [&hellip;]<\/p>\n","protected":false},"author":1,"featured_media":0,"parent":0,"menu_order":0,"comment_status":"closed","ping_status":"closed","template":"","meta":{"om_disable_all_campaigns":false,"_monsterinsights_skip_tracking":false,"_monsterinsights_sitenote_active":false,"_monsterinsights_sitenote_note":"","_monsterinsights_sitenote_category":0,"_uf_show_specific_survey":0,"_uf_disable_surveys":false,"footnotes":""},"class_list":["post-192","page","type-page","status-publish","hentry"],"aioseo_notices":[],"_links":{"self":[{"href":"https:\/\/www.urfacilingirustasi.com.tr\/index.php?rest_route=\/wp\/v2\/pages\/192","targetHints":{"allow":["GET"]}}],"collection":[{"href":"https:\/\/www.urfacilingirustasi.com.tr\/index.php?rest_route=\/wp\/v2\/pages"}],"about":[{"href":"https:\/\/www.urfacilingirustasi.com.tr\/index.php?rest_route=\/wp\/v2\/types\/page"}],"author":[{"embeddable":true,"href":"https:\/\/www.urfacilingirustasi.com.tr\/index.php?rest_route=\/wp\/v2\/users\/1"}],"replies":[{"embeddable":true,"href":"https:\/\/www.urfacilingirustasi.com.tr\/index.php?rest_route=%2Fwp%2Fv2%2Fcomments&post=192"}],"version-history":[{"count":2,"href":"https:\/\/www.urfacilingirustasi.com.tr\/index.php?rest_route=\/wp\/v2\/pages\/192\/revisions"}],"predecessor-version":[{"id":215,"href":"https:\/\/www.urfacilingirustasi.com.tr\/index.php?rest_route=\/wp\/v2\/pages\/192\/revisions\/215"}],"wp:attachment":[{"href":"https:\/\/www.urfacilingirustasi.com.tr\/index.php?rest_route=%2Fwp%2Fv2%2Fmedia&parent=192"}],"curies":[{"name":"wp","href":"https:\/\/api.w.org\/{rel}","templated":true}]}}