{"id":30,"date":"2024-11-28T22:01:49","date_gmt":"2024-11-28T22:01:49","guid":{"rendered":"https:\/\/www.urfacilingirustasi.com.tr\/?page_id=30"},"modified":"2024-11-28T22:04:38","modified_gmt":"2024-11-28T22:04:38","slug":"iletisim","status":"publish","type":"page","link":"https:\/\/www.urfacilingirustasi.com.tr\/?page_id=30","title":{"rendered":"\u0130LET\u0130\u015e\u0130M"},"content":{"rendered":"\n<p><a href=\"ADRES: \"><strong>ADRES: <\/strong><\/a>Seyrantepe Mahallesi 8256. sokak 9B\/B no:20 KARAK\u00d6PR\u00dc\/\u015eANLIURFA<br>TEL      : +90542-433-9330<br><\/p>\n\n\n\n<div><gmp-map\n      center=\"39.221233,+40.767933\"\n      zoom=\"4\"\n      map-id=\"DEMO_MAP_ID\"\n      style=\"height: 400px\"\n    >\n      <gmp-advanced-marker\n        position=\"37.221233,+38.767933\"\n        title=\"Mountain View, CA\"\n      ><\/gmp-advanced-marker>\n      <gmp-advanced-marker\n        position=\"47.648994,-122.3503845\"\n        title=\"Seattle, WA\"\n      ><\/gmp-advanced-marker>\n    <\/gmp-map>\n\n    <!-- \n      The `defer` attribute causes the script to execute after the full HTML\n      document has been parsed. For non-blocking uses, avoiding race conditions,\n      and consistent behavior across browsers, consider loading using Promises. See\n      https:\/\/developers.google.com\/maps\/documentation\/javascript\/load-maps-js-api\n      for more information.\n      -->\n    <script\n      src=\"https:\/\/maps.googleapis.com\/maps\/api\/js?key=AIzaSyB41DRUbKWJHPxaFjMAwdrzWzbVKartNGg&#038;libraries=maps,marker&#038;v=beta\"\n      defer\n    ><\/script><\/div>\n\n\n\n\n\n<p><\/p>\n","protected":false},"excerpt":{"rendered":"<p>ADRES: Seyrantepe Mahallesi 8256. sokak 9B\/B no:20 KARAK\u00d6PR\u00dc\/\u015eANLIURFATEL : +90542-433-9330<\/p>\n","protected":false},"author":1,"featured_media":0,"parent":0,"menu_order":0,"comment_status":"closed","ping_status":"closed","template":"","meta":{"om_disable_all_campaigns":false,"_monsterinsights_skip_tracking":false,"_monsterinsights_sitenote_active":false,"_monsterinsights_sitenote_note":"","_monsterinsights_sitenote_category":0,"_uf_show_specific_survey":0,"_uf_disable_surveys":false,"footnotes":""},"class_list":["post-30","page","type-page","status-publish","hentry"],"aioseo_notices":[],"_links":{"self":[{"href":"https:\/\/www.urfacilingirustasi.com.tr\/index.php?rest_route=\/wp\/v2\/pages\/30","targetHints":{"allow":["GET"]}}],"collection":[{"href":"https:\/\/www.urfacilingirustasi.com.tr\/index.php?rest_route=\/wp\/v2\/pages"}],"about":[{"href":"https:\/\/www.urfacilingirustasi.com.tr\/index.php?rest_route=\/wp\/v2\/types\/page"}],"author":[{"embeddable":true,"href":"https:\/\/www.urfacilingirustasi.com.tr\/index.php?rest_route=\/wp\/v2\/users\/1"}],"replies":[{"embeddable":true,"href":"https:\/\/www.urfacilingirustasi.com.tr\/index.php?rest_route=%2Fwp%2Fv2%2Fcomments&post=30"}],"version-history":[{"count":3,"href":"https:\/\/www.urfacilingirustasi.com.tr\/index.php?rest_route=\/wp\/v2\/pages\/30\/revisions"}],"predecessor-version":[{"id":34,"href":"https:\/\/www.urfacilingirustasi.com.tr\/index.php?rest_route=\/wp\/v2\/pages\/30\/revisions\/34"}],"wp:attachment":[{"href":"https:\/\/www.urfacilingirustasi.com.tr\/index.php?rest_route=%2Fwp%2Fv2%2Fmedia&parent=30"}],"curies":[{"name":"wp","href":"https:\/\/api.w.org\/{rel}","templated":true}]}}